{"id":10,"date":"2023-02-28T11:53:37","date_gmt":"2023-02-28T11:53:37","guid":{"rendered":"http:\/\/hospital-engineering.com\/de\/?page_id=10"},"modified":"2023-04-17T14:00:57","modified_gmt":"2023-04-17T12:00:57","slug":"services","status":"publish","type":"page","link":"https:\/\/hospital-engineering.com\/de\/services\/","title":{"rendered":"Leistungen"},"content":{"rendered":"<div class=\"services-bg\">\n<div class=\"container-fluid h-100\">\n<div class=\"row h-100 align-items-center\">\n<div class=\"col-md-6 banner-txt\">\n<h1>Leistungen<\/h1>\n<p>Auf der ganzen Welt vertrauen unsere Kunden auf das breite Portfolio von Dienstleistungen und Produkten von Hospital Engineering. Als L\u00f6sungsanbieter ist Hospital-Engineering ihre zentrale Anlaufstelle, der Sie sowohl mit lokalem als auch internationalem Fachwissen unterst\u00fctzen kann.<\/p>\n<\/div>\n<\/div>\n<\/div>\n<\/div>\n<div class=\"section-white\">\n<div class=\"container\">\n<div class=\"row\">\n<div class=\"col-md-12\">\n<p>Wir planen, entwerfen, liefern, installieren, schulen und warten mit professionellem Personal &#8211; alle Leistungen aus einer Hand. Unser umfassendes Leistungspaket bildet die Grundlage f\u00fcr unsere ma\u00dfgeschneiderten L\u00f6sungen: die Planung von Gesundheitseinrichtungen, die Lieferung und Installation von medizinischen und medizintechnischen Ger\u00e4ten einschlie\u00dflich aller relevanten Verbrauchsmaterialien, die Schulung des Personals, Kundenservice mit Ersatzteilversorgung, Garantie- und Reparaturleistungen<\/p>\n<p>Unter Heranziehung neuester Technologien hat unsere Unternehmensgruppe in den letzten 50 Jahren mehr als 100 Projekte weltweit realisiert. Unsere St\u00e4rke ist die Kombination des Verst\u00e4ndnisses des modernen Gesundheitswesens mit dem Wissen um regionale Besonderheiten, die Definition der daraus resultierenden speziellen Anforderungen und die entsprechende Umsetzung.<\/p>\n<\/div>\n<\/div>\n<\/div>\n<\/div>\n<div class=\"section-primary\">\n<div class=\"container\">\n<div class=\"row align-items-center\">\n<div class=\"col-lg-6\">\n<p>Das globale Netzwerk unserer Unternehmensgruppe umfasst mehrere technische Einrichtungen, Repr\u00e4sentanzen und lokale Vertretungen mit dem Schwerpunkt Subsahara-Afrika. Diese weltweite Pr\u00e4senz und viele qualifizierte Mitarbeiter erm\u00f6glichen es uns, medizintechnische Dienstleistungen von h\u00f6chster Qualit\u00e4t sicherzustellen und deren Nachhaltigkeit zu garantieren.<\/p>\n<p>Wir arbeiten kontinuierlich mit unseren Kunden in allen Phasen eines Projekts zusammen. So schaffen wir das notwendige Vertrauen &#8211; eine wesentliche Voraussetzung f\u00fcr eine erfolgversprechende Zusammenarbeit. Unser motiviertes und engagiertes Team aus erfahrenen Fachleuten hilft Ihnen, den idealen Weg f\u00fcr die Umsetzung Ihrer Ideen zu finden.<\/p>\n<p>Wir glauben, dass Hospital Engineering der ideale Partner f\u00fcr die Umsetzung Ihrer Visionen im Gesundheitswesen ist und w\u00fcrden uns freuen, bei Ihren Entwicklungs- und Investitionspl\u00e4nen eng mit Ihnen zusammenzuarbeiten.<\/p>\n<\/div>\n<div class=\"col-md-6\">\n<img decoding=\"async\" src=\"http:\/\/hospital-engineering.com\/de\/wp-content\/uploads\/2023\/03\/services-img.jpg\" class=\"img-fluid d-block mx-auto\">\n<\/div>\n<\/div>\n<\/div>\n<\/div>\n<div class=\"section-white\">\n<div class=\"container\">\n<div class=\"row\">\n<div class=\"col-lg-12\">\n<h3 class=\"mb-4\">T\u00e4tigkeitsliste<\/h3>\n<\/div>\n<div class=\"col-lg-6\">\n<div class=\"su-accordion su-u-trim\">\n<div class=\"su-spoiler su-spoiler-style-fancy su-spoiler-icon-plus su-spoiler-closed\" data-scroll-offset=\"0\" data-anchor-in-url=\"no\"><div class=\"su-spoiler-title\" tabindex=\"0\" role=\"button\"><span class=\"su-spoiler-icon\"><\/span>(Turn-Key) Projektmanagement<\/div><div class=\"su-spoiler-content su-u-clearfix su-u-trim\">\n<p>Wenn Sie auf Hospital Engineering vertrauen, profitieren Sie von unserer langj\u00e4hrigen Erfahrung. Angefangen bei Machbarkeitsstudien \u00fcber die Lieferung und Installation von Anlagen bis hin zu zuverl\u00e4ssigen After-Sale-Services &#8211; wir bieten Ihnen alle Leistungen aus einer Hand.<\/p>\n<\/div><\/div>\n<div class=\"su-spoiler su-spoiler-style-fancy su-spoiler-icon-plus su-spoiler-closed\" data-scroll-offset=\"0\" data-anchor-in-url=\"no\"><div class=\"su-spoiler-title\" tabindex=\"0\" role=\"button\"><span class=\"su-spoiler-icon\"><\/span>Durchf\u00fchrbarkeitsstudien und anderen Planungsdienstleistungen<\/div><div class=\"su-spoiler-content su-u-clearfix su-u-trim\">\n<p>Gerade in Regionen mit besonderen klimatischen Bedingungen und anderen Herausforderungen ist es besonders wichtig, Machbarkeitsstudien durchzuf\u00fchren und ausreichend Zeit in die Planung zu investieren. Je nach Bedarf bietet Hospital Engineering ganzheitliche L\u00f6sungen f\u00fcr alle Bereiche von Gesundheitsprojekten und tr\u00e4gt so zum Vorteil des Kunden bei.<\/p>\n<\/div><\/div>\n<div class=\"su-spoiler su-spoiler-style-fancy su-spoiler-icon-plus su-spoiler-closed\" data-scroll-offset=\"0\" data-anchor-in-url=\"no\"><div class=\"su-spoiler-title\" tabindex=\"0\" role=\"button\"><span class=\"su-spoiler-icon\"><\/span>Krankenhauslayout und -design<\/div><div class=\"su-spoiler-content su-u-clearfix su-u-trim\">\n<p>Mit \u00fcber 100 Projekten ist Hospital Engineering ein Spezialist, der haupts\u00e4chlich in Entwicklungsl\u00e4ndern arbeitet. So entwerfen unsere Architekten beispielsweise Gesundheitsprojekte, bei denen sich das Geb\u00e4ude an das lokale Klima anpasst, um wertvolle Energie zu sparen. Selbstverst\u00e4ndlich geh\u00f6rt auch eine entsprechende funktionale Planung und Gestaltung zu unserem Leistungsumfang.<\/p>\n<\/div><\/div>\n<div class=\"su-spoiler su-spoiler-style-fancy su-spoiler-icon-plus su-spoiler-closed\" data-scroll-offset=\"0\" data-anchor-in-url=\"no\"><div class=\"su-spoiler-title\" tabindex=\"0\" role=\"button\"><span class=\"su-spoiler-icon\"><\/span>Projektfinanzierung und -f\u00f6rderung<\/div><div class=\"su-spoiler-content su-u-clearfix su-u-trim\">\n<p>Hospital Engineering st\u00fctzt sich auf ein gro\u00dfes Netz von Finanzpartnern. Ihr Projekt k\u00f6nnte f\u00fcr eine Finanzierung in Frage kommen.<\/p>\n<\/div><\/div>\n<div class=\"su-spoiler su-spoiler-style-fancy su-spoiler-icon-plus su-spoiler-closed\" data-scroll-offset=\"0\" data-anchor-in-url=\"no\"><div class=\"su-spoiler-title\" tabindex=\"0\" role=\"button\"><span class=\"su-spoiler-icon\"><\/span>Beratung<\/div><div class=\"su-spoiler-content su-u-clearfix su-u-trim\">\n<p>Die ideale L\u00f6sung f\u00fcr die Umsetzung komplexer Projekte im Gesundheitswesen ist ein erfahrener Partner, der Sie in allen Phasen des Projekts unterst\u00fctzt. Hospital Engineering ist Ihr Partner, um die richtigen Entscheidungen zu treffen.<\/p>\n<\/div><\/div>\n<div class=\"su-spoiler su-spoiler-style-fancy su-spoiler-icon-plus su-spoiler-closed\" data-scroll-offset=\"0\" data-anchor-in-url=\"no\"><div class=\"su-spoiler-title\" tabindex=\"0\" role=\"button\"><span class=\"su-spoiler-icon\"><\/span>Ausschreibungsentwurf<\/div><div class=\"su-spoiler-content su-u-clearfix su-u-trim\">\n<p>Hospital Engineering unterst\u00fctzt Ministerien und gro\u00dfe Organisationen bei der Gestaltung ihrer medizinischen Ausschreibungen. Dadurch wird sichergestellt, dass alle Anforderungen, wie z. B. detaillierte Ausr\u00fcstungsspezifikationen, mit den Bed\u00fcrfnissen des Kunden \u00fcbereinstimmen.<\/p>\n<\/div><\/div>\n<div class=\"su-spoiler su-spoiler-style-fancy su-spoiler-icon-plus su-spoiler-closed\" data-scroll-offset=\"0\" data-anchor-in-url=\"no\"><div class=\"su-spoiler-title\" tabindex=\"0\" role=\"button\"><span class=\"su-spoiler-icon\"><\/span>Baudienstleistungen und -management<\/div><div class=\"su-spoiler-content su-u-clearfix su-u-trim\">\n<p>Hospital Engineering arbeitet mit einem Netzwerk sorgf\u00e4ltig ausgew\u00e4hlter Bauunternehmen zusammen. Je nach Region des Projekts w\u00e4hlen wir die Baufirma aus, die unserer Erfahrung nach am besten auf dem Markt abschneidet. Unser Projektmanager \u00fcberwacht alle Bauaktivit\u00e4ten, um die hohen Standards von Hospital Engineering zu erf\u00fcllen.<\/p>\n<\/div><\/div>\n<\/div>\n<\/p><\/div>\n<div class=\"col-lg-6\">\n<div class=\"su-accordion su-u-trim\">\n<div class=\"su-spoiler su-spoiler-style-fancy su-spoiler-icon-plus su-spoiler-closed\" data-scroll-offset=\"0\" data-anchor-in-url=\"no\"><div class=\"su-spoiler-title\" tabindex=\"0\" role=\"button\"><span class=\"su-spoiler-icon\"><\/span>Lieferung und Installation von Ausr\u00fcstung<\/div><div class=\"su-spoiler-content su-u-clearfix su-u-trim\">\n<p>Hospital Engineering arbeitet mit einer bedeutenden Anzahl von Lieferanten zusammen, bei denen es sich haupts\u00e4chlich um Hersteller aus Deutschland und Europa handelt. Gemeinsam mit unseren Partnern und unseren spezialisierten und sehr erfahrenen Ingenieuren f\u00fchren wir alle erforderlichen Installationen durch. Eine unserer besonderen Spezialit\u00e4ten ist die Zusammenarbeit mit Beratern von f\u00fchrenden Universit\u00e4ten und international renommierten Ingenieurb\u00fcros.<\/p>\n<\/div><\/div>\n<div class=\"su-spoiler su-spoiler-style-fancy su-spoiler-icon-plus su-spoiler-closed\" data-scroll-offset=\"0\" data-anchor-in-url=\"no\"><div class=\"su-spoiler-title\" tabindex=\"0\" role=\"button\"><span class=\"su-spoiler-icon\"><\/span>Personalbeschaffung und Schulung<\/div><div class=\"su-spoiler-content su-u-clearfix su-u-trim\">\n<p>Um unser Engagement f\u00fcr volle Kundenzufriedenheit und den erfolgreichen Abschluss Ihres Projekts zu unterstreichen, umfasst das Leistungsspektrum von Hospital Engineering auch die Schulung des technischen und medizinischen Personals. Daher arbeiten wir mit mehreren Universit\u00e4tskliniken in Europa und den Vereinigten Staaten von Amerika zusammen. Das Personal wird entweder vor Ort oder im Ausland geschult &#8211; je nach Kosten-Nutzen-Analyse und nat\u00fcrlich nach den W\u00fcnschen des Kunden.<\/p>\n<\/div><\/div>\n<div class=\"su-spoiler su-spoiler-style-fancy su-spoiler-icon-plus su-spoiler-closed\" data-scroll-offset=\"0\" data-anchor-in-url=\"no\"><div class=\"su-spoiler-title\" tabindex=\"0\" role=\"button\"><span class=\"su-spoiler-icon\"><\/span>Umfassende technische Dienstleistungen und planm\u00e4\u00dfige vorbeugende Instandhaltung<\/div><div class=\"su-spoiler-content su-u-clearfix su-u-trim\">\n<p>Um den dauerhaften Erfolg eines jeden Gesundheitsprojekts zu gew\u00e4hrleisten, bietet Hospital Engineering Dienstleistungen im Rahmen der Herstellergarantien sowie Wartungsdienste f\u00fcr Ihre Ausr\u00fcstung an. Dank eines gro\u00dfen Pools erstklassiger und qualifizierter Experte, werden alle technischen Disziplinen abgedeckt.<\/p>\n<\/div><\/div>\n<div class=\"su-spoiler su-spoiler-style-fancy su-spoiler-icon-plus su-spoiler-closed\" data-scroll-offset=\"0\" data-anchor-in-url=\"no\"><div class=\"su-spoiler-title\" tabindex=\"0\" role=\"button\"><span class=\"su-spoiler-icon\"><\/span>Hochmoderner Personalpool<\/div><div class=\"su-spoiler-content su-u-clearfix su-u-trim\">\n<p>Dank der langj\u00e4hrigen Zusammenarbeit mit unseren Partnern k\u00f6nnen wir Ihnen ein gro\u00dfes Servicenetz zur Verf\u00fcgung zu stellen, um Sie weltweit zu unterst\u00fctzen &#8211; mit Schwerpunkt auf afrikanische L\u00e4nder s\u00fcdlich der Sahara. Hospital Engineering ist in der Lage, mit besonderen klimatischen und geografischen Bedingungen umzugehen.<\/p>\n<\/div><\/div>\n<div class=\"su-spoiler su-spoiler-style-fancy su-spoiler-icon-plus su-spoiler-closed\" data-scroll-offset=\"0\" data-anchor-in-url=\"no\"><div class=\"su-spoiler-title\" tabindex=\"0\" role=\"button\"><span class=\"su-spoiler-icon\"><\/span>Softwarel\u00f6sungen<\/div><div class=\"su-spoiler-content su-u-clearfix su-u-trim\">\n<p>Hospital Engineering bietet ma\u00dfgeschneiderte Softwarel\u00f6sungen f\u00fcr die Planung, Verwaltung und Wartung von Gesundheitseinrichtungen. <a href=\"http:\/\/hospital-engineering.com\/de\/software\/\">Klicken Sie hier<\/a> f\u00fcr weitere Informationen.<\/p>\n<\/div><\/div>\n<div class=\"su-spoiler su-spoiler-style-fancy su-spoiler-icon-plus su-spoiler-closed\" data-scroll-offset=\"0\" data-anchor-in-url=\"no\"><div class=\"su-spoiler-title\" tabindex=\"0\" role=\"button\"><span class=\"su-spoiler-icon\"><\/span>Hospital Engineering Academy<\/div><div class=\"su-spoiler-content su-u-clearfix su-u-trim\">\n<p>Profitieren Sie von Online- und Vor-Ort-Schulungen in Ghana, Deutschland oder an einem anderen Ort Ihrer Wahl auf der ganzen Welt. <a href=\"http:\/\/hospital-engineering.com\/de\/academy\/\">Klicken Sie hier<\/a> f\u00fcr weitere Informationen.<\/p>\n<\/div><\/div>\n<\/div>\n<\/p><\/div>\n<\/div>\n<\/div>\n<\/div>\n","protected":false},"excerpt":{"rendered":"<p>Leistungen Auf der ganzen Welt vertrauen unsere Kunden auf das breite Portfolio von Dienstleistungen und Produkten von Hospital Engineering. Als L\u00f6sungsanbieter ist Hospital-Engineering ihre zentrale Anlaufstelle, der Sie sowohl mit lokalem als auch internationalem Fachwissen unterst\u00fctzen kann. Wir planen, entwerfen, liefern, installieren, schulen und warten mit professionellem Personal &#8211; alle Leistungen aus einer Hand. Unser [&#8230;]<\/p>\n<p><a class=\"btn btn-secondary understrap-read-more-link\" href=\"https:\/\/hospital-engineering.com\/de\/services\/\">Weiterlesen&#8230;<\/a><\/p>\n","protected":false},"author":1,"featured_media":0,"parent":0,"menu_order":0,"comment_status":"closed","ping_status":"closed","template":"page-templates\/empty.php","meta":{"footnotes":""},"class_list":["post-10","page","type-page","status-publish","hentry"],"yoast_head":"<!-- This site is optimized with the Yoast SEO plugin v26.8 - https:\/\/yoast.com\/product\/yoast-seo-wordpress\/ -->\n<title>Leistungen - Hospital Engineering GmbH<\/title>\n<meta name=\"robots\" content=\"index, follow, max-snippet:-1, max-image-preview:large, max-video-preview:-1\" \/>\n<link rel=\"canonical\" href=\"https:\/\/hospital-engineering.com\/de\/services\/\" \/>\n<meta property=\"og:locale\" content=\"de_DE\" \/>\n<meta property=\"og:type\" content=\"article\" \/>\n<meta property=\"og:title\" content=\"Leistungen - Hospital Engineering GmbH\" \/>\n<meta property=\"og:description\" content=\"Leistungen Auf der ganzen Welt vertrauen unsere Kunden auf das breite Portfolio von Dienstleistungen und Produkten von Hospital Engineering. Als L\u00f6sungsanbieter ist Hospital-Engineering ihre zentrale Anlaufstelle, der Sie sowohl mit lokalem als auch internationalem Fachwissen unterst\u00fctzen kann. Wir planen, entwerfen, liefern, installieren, schulen und warten mit professionellem Personal &#8211; alle Leistungen aus einer Hand. Unser [...]Weiterlesen...\" \/>\n<meta property=\"og:url\" content=\"https:\/\/hospital-engineering.com\/de\/services\/\" \/>\n<meta property=\"og:site_name\" content=\"Hospital Engineering GmbH\" \/>\n<meta property=\"article:modified_time\" content=\"2023-04-17T12:00:57+00:00\" \/>\n<meta property=\"og:image\" content=\"http:\/\/hospital-engineering.com\/de\/wp-content\/uploads\/2023\/03\/services-img.jpg\" \/>\n<meta name=\"twitter:card\" content=\"summary_large_image\" \/>\n<meta name=\"twitter:label1\" content=\"Gesch\u00e4tzte Lesezeit\" \/>\n\t<meta name=\"twitter:data1\" content=\"5\u00a0Minuten\" \/>\n<script type=\"application\/ld+json\" class=\"yoast-schema-graph\">{\"@context\":\"https:\/\/schema.org\",\"@graph\":[{\"@type\":\"WebPage\",\"@id\":\"https:\/\/hospital-engineering.com\/de\/services\/\",\"url\":\"https:\/\/hospital-engineering.com\/de\/services\/\",\"name\":\"Leistungen - Hospital Engineering GmbH\",\"isPartOf\":{\"@id\":\"https:\/\/hospital-engineering.com\/de\/#website\"},\"primaryImageOfPage\":{\"@id\":\"https:\/\/hospital-engineering.com\/de\/services\/#primaryimage\"},\"image\":{\"@id\":\"https:\/\/hospital-engineering.com\/de\/services\/#primaryimage\"},\"thumbnailUrl\":\"http:\/\/hospital-engineering.com\/de\/wp-content\/uploads\/2023\/03\/services-img.jpg\",\"datePublished\":\"2023-02-28T11:53:37+00:00\",\"dateModified\":\"2023-04-17T12:00:57+00:00\",\"breadcrumb\":{\"@id\":\"https:\/\/hospital-engineering.com\/de\/services\/#breadcrumb\"},\"inLanguage\":\"de\",\"potentialAction\":[{\"@type\":\"ReadAction\",\"target\":[\"https:\/\/hospital-engineering.com\/de\/services\/\"]}]},{\"@type\":\"ImageObject\",\"inLanguage\":\"de\",\"@id\":\"https:\/\/hospital-engineering.com\/de\/services\/#primaryimage\",\"url\":\"https:\/\/hospital-engineering.com\/de\/wp-content\/uploads\/2023\/03\/services-img.jpg\",\"contentUrl\":\"https:\/\/hospital-engineering.com\/de\/wp-content\/uploads\/2023\/03\/services-img.jpg\",\"width\":600,\"height\":400},{\"@type\":\"BreadcrumbList\",\"@id\":\"https:\/\/hospital-engineering.com\/de\/services\/#breadcrumb\",\"itemListElement\":[{\"@type\":\"ListItem\",\"position\":1,\"name\":\"Startseite\",\"item\":\"https:\/\/hospital-engineering.com\/de\/\"},{\"@type\":\"ListItem\",\"position\":2,\"name\":\"Leistungen\"}]},{\"@type\":\"WebSite\",\"@id\":\"https:\/\/hospital-engineering.com\/de\/#website\",\"url\":\"https:\/\/hospital-engineering.com\/de\/\",\"name\":\"Hospital Engineering GmbH\",\"description\":\"\",\"potentialAction\":[{\"@type\":\"SearchAction\",\"target\":{\"@type\":\"EntryPoint\",\"urlTemplate\":\"https:\/\/hospital-engineering.com\/de\/?s={search_term_string}\"},\"query-input\":{\"@type\":\"PropertyValueSpecification\",\"valueRequired\":true,\"valueName\":\"search_term_string\"}}],\"inLanguage\":\"de\"}]}<\/script>\n<!-- \/ Yoast SEO plugin. -->","yoast_head_json":{"title":"Leistungen - Hospital Engineering GmbH","robots":{"index":"index","follow":"follow","max-snippet":"max-snippet:-1","max-image-preview":"max-image-preview:large","max-video-preview":"max-video-preview:-1"},"canonical":"https:\/\/hospital-engineering.com\/de\/services\/","og_locale":"de_DE","og_type":"article","og_title":"Leistungen - Hospital Engineering GmbH","og_description":"Leistungen Auf der ganzen Welt vertrauen unsere Kunden auf das breite Portfolio von Dienstleistungen und Produkten von Hospital Engineering. Als L\u00f6sungsanbieter ist Hospital-Engineering ihre zentrale Anlaufstelle, der Sie sowohl mit lokalem als auch internationalem Fachwissen unterst\u00fctzen kann. Wir planen, entwerfen, liefern, installieren, schulen und warten mit professionellem Personal &#8211; alle Leistungen aus einer Hand. Unser [...]Weiterlesen...","og_url":"https:\/\/hospital-engineering.com\/de\/services\/","og_site_name":"Hospital Engineering GmbH","article_modified_time":"2023-04-17T12:00:57+00:00","og_image":[{"url":"http:\/\/hospital-engineering.com\/de\/wp-content\/uploads\/2023\/03\/services-img.jpg","type":"","width":"","height":""}],"twitter_card":"summary_large_image","twitter_misc":{"Gesch\u00e4tzte Lesezeit":"5\u00a0Minuten"},"schema":{"@context":"https:\/\/schema.org","@graph":[{"@type":"WebPage","@id":"https:\/\/hospital-engineering.com\/de\/services\/","url":"https:\/\/hospital-engineering.com\/de\/services\/","name":"Leistungen - Hospital Engineering GmbH","isPartOf":{"@id":"https:\/\/hospital-engineering.com\/de\/#website"},"primaryImageOfPage":{"@id":"https:\/\/hospital-engineering.com\/de\/services\/#primaryimage"},"image":{"@id":"https:\/\/hospital-engineering.com\/de\/services\/#primaryimage"},"thumbnailUrl":"http:\/\/hospital-engineering.com\/de\/wp-content\/uploads\/2023\/03\/services-img.jpg","datePublished":"2023-02-28T11:53:37+00:00","dateModified":"2023-04-17T12:00:57+00:00","breadcrumb":{"@id":"https:\/\/hospital-engineering.com\/de\/services\/#breadcrumb"},"inLanguage":"de","potentialAction":[{"@type":"ReadAction","target":["https:\/\/hospital-engineering.com\/de\/services\/"]}]},{"@type":"ImageObject","inLanguage":"de","@id":"https:\/\/hospital-engineering.com\/de\/services\/#primaryimage","url":"https:\/\/hospital-engineering.com\/de\/wp-content\/uploads\/2023\/03\/services-img.jpg","contentUrl":"https:\/\/hospital-engineering.com\/de\/wp-content\/uploads\/2023\/03\/services-img.jpg","width":600,"height":400},{"@type":"BreadcrumbList","@id":"https:\/\/hospital-engineering.com\/de\/services\/#breadcrumb","itemListElement":[{"@type":"ListItem","position":1,"name":"Startseite","item":"https:\/\/hospital-engineering.com\/de\/"},{"@type":"ListItem","position":2,"name":"Leistungen"}]},{"@type":"WebSite","@id":"https:\/\/hospital-engineering.com\/de\/#website","url":"https:\/\/hospital-engineering.com\/de\/","name":"Hospital Engineering GmbH","description":"","potentialAction":[{"@type":"SearchAction","target":{"@type":"EntryPoint","urlTemplate":"https:\/\/hospital-engineering.com\/de\/?s={search_term_string}"},"query-input":{"@type":"PropertyValueSpecification","valueRequired":true,"valueName":"search_term_string"}}],"inLanguage":"de"}]}},"_links":{"self":[{"href":"https:\/\/hospital-engineering.com\/de\/wp-json\/wp\/v2\/pages\/10","targetHints":{"allow":["GET"]}}],"collection":[{"href":"https:\/\/hospital-engineering.com\/de\/wp-json\/wp\/v2\/pages"}],"about":[{"href":"https:\/\/hospital-engineering.com\/de\/wp-json\/wp\/v2\/types\/page"}],"author":[{"embeddable":true,"href":"https:\/\/hospital-engineering.com\/de\/wp-json\/wp\/v2\/users\/1"}],"replies":[{"embeddable":true,"href":"https:\/\/hospital-engineering.com\/de\/wp-json\/wp\/v2\/comments?post=10"}],"version-history":[{"count":9,"href":"https:\/\/hospital-engineering.com\/de\/wp-json\/wp\/v2\/pages\/10\/revisions"}],"predecessor-version":[{"id":235,"href":"https:\/\/hospital-engineering.com\/de\/wp-json\/wp\/v2\/pages\/10\/revisions\/235"}],"wp:attachment":[{"href":"https:\/\/hospital-engineering.com\/de\/wp-json\/wp\/v2\/media?parent=10"}],"curies":[{"name":"wp","href":"https:\/\/api.w.org\/{rel}","templated":true}]}}