{"id":12,"date":"2023-02-28T11:53:44","date_gmt":"2023-02-28T10:53:44","guid":{"rendered":"http:\/\/hospital-engineering.com\/de\/?page_id=12"},"modified":"2025-03-13T10:41:48","modified_gmt":"2025-03-13T09:41:48","slug":"academy","status":"publish","type":"page","link":"https:\/\/hospital-engineering.com\/de\/academy\/","title":{"rendered":"Academy"},"content":{"rendered":"<div class=\"academy-bg\">\n<div class=\"container-fluid h-100\">\n<div class=\"row h-100 align-items-center\">\n<div class=\"col-md-6 banner-txt\">\n<h1>Academy<\/h1>\n<p>Hospital Engineering verf\u00fcgt \u00fcber ein Team von Experten mit langj\u00e4hriger Berufserfahrung im Gesundheitswesen. An der Hospital Engineering Academy profitieren die Teilnehmer von einer Ausbildung, die theoretische mit praktischen Erfahrungen aus der ganzen Welt verbindet.<\/p>\n<\/div>\n<\/div>\n<\/div>\n<\/div>\n<div class=\"section-white\">\n<div class=\"container\">\n<div class=\"row\">\n<div class=\"col-md-12\">\n<p>Das Team von Hospital Engineering, dessen Kerngesch\u00e4ft die Entwicklung von Gesundheitseinrichtungen und die Lieferung von Ausr\u00fcstung, Installation, Wartung, technischem Support und Schulungen ist, besteht aus qualifizierten Experten aus dem Gesundheitssektor. Durch unsere langj\u00e4hrige Berufserfahrung haben wir ein hohes Ma\u00df an Fachwissen in den verschiedenen erforderlichen Disziplinen entwickelt. In der Hospital Engineering Academy profitieren die Teilnehmer von diesem einzigartigen Know-how. Unsere Schulungen kombinieren theoretisches Wissen mit praktischen Erfahrungen aus der ganzen Welt.<\/p>\n<\/div>\n<\/div>\n<\/div>\n<\/div>\n<div class=\"section-white\">\n<div class=\"container\">\n<div class=\"row\">\n<div class=\"col-lg-12\">\n<h3>N\u00e4chste Kurse<\/h3>\n<p>Sie k\u00f6nnen verf\u00fcgbare Kurse direkt aus der untenstehenden Liste buchen. Bitte setzen Sie sich mit <a href=\"http:\/\/hospital-engineering.com\/de\/contact\/\">uns in Verbindung<\/a>, um individuelle Gruppenschulungen f\u00fcr Ihre Organisation in unseren Schulungseinrichtungen oder an einem Ort Ihrer Wahl zu buchen.<\/p>\n<div class=\"fat-event-container has-animation\"\r\n     data-layout=\"table\"\r\n     data-sc-id=\"129\"\r\n     data-sc-organizer=\"\"\r\n     data-sc-cat=\"\"\r\n     data-animation=\"fadeInUp\"\r\n     data-animation-duration=\"200\"\r\n     data-spinner=\"atom\"\r\n>\r\n        <div class=\"fat-event-sc table-layout\">\r\n                <table>\r\n            <thead>\r\n                <tr>\r\n                    <th>Veranstaltung<\/th>\r\n                    <th>Ort<\/th>\r\n                    <th>Beginn<\/th>\r\n                    <th>Ende<\/th>\r\n                    <th>Fees<\/th>\r\n                    <th><\/th>\r\n                <\/tr>\r\n            <\/thead>\r\n            <tbody>\r\n                            <tr>\r\n                    <td class=\"fat-event-title\" data-col-title=\"Event\">\r\n                        <a href=\"https:\/\/hospital-engineering.com\/de\/course\/hospital-equipment-management-and-maintenance-english-online-2026\/?sd=1782813600&#038;ed=1783094400\" data-open-type=\"current_window\"\r\n                           target=\"_self\" data-event-id=\"370\"\r\n                           data-s=\"1782813600\" data-e=\"1783094400\"\r\n                           data-time=\"  -  , Juni 30, 2026\"  data-single-time=\"10:00 Juni 30, 2026 to 16:00 Juli 3, 2026\">\r\n                            Krankenhausequipment Management und Wartung (Kurssprache: Englisch)                        <\/a>\r\n                    <\/td>\r\n                    <td data-col-title=\"Location\"><span class=\"loc-name\">Online, TEAMS <\/span><span class=\"loc-address\"><\/span><\/td>\r\n                    <td data-col-title=\"Start date\">\r\n                                                 Juni 30, 2026                    <\/td>\r\n                    <td data-col-title=\"End date\">\r\n                                                 Juli 3, 2026                    <\/td>\r\n                    <td data-col-title=\"Fees\">\r\n                        1,990.00\u20ac                    <\/td>\r\n                    <td>\r\n                        <a href=\"https:\/\/hospital-engineering.com\/de\/course\/hospital-equipment-management-and-maintenance-english-online-2026\/?sd=1782813600&#038;ed=1783094400\" data-open-type=\"current_window\"\r\n                           target=\"_self\" data-event-id=\"370\"\r\n                           data-s=\"1782813600\" data-e=\"1783094400\"\r\n                           data-time=\"  -  , Juni 30, 2026\"  data-single-time=\"10:00 Juni 30, 2026 to 16:00 Juli 3, 2026\">\r\n                            Details ansehen                        <\/a>\r\n                    <\/td>\r\n                <\/tr>\r\n                            <tr>\r\n                    <td class=\"fat-event-title\" data-col-title=\"Event\">\r\n                        <a href=\"https:\/\/hospital-engineering.com\/de\/course\/krankenhausplanung-und-design-kurssprache-deutsch\/?sd=1783332000&#038;ed=1783612800\" data-open-type=\"current_window\"\r\n                           target=\"_self\" data-event-id=\"360\"\r\n                           data-s=\"1783332000\" data-e=\"1783612800\"\r\n                           data-time=\"  -  , Juli 6, 2026\"  data-single-time=\"10:00 Juli 6, 2026 to 16:00 Juli 9, 2026\">\r\n                            Krankenhausplanung und Design (Kurssprache: Deutsch)                        <\/a>\r\n                    <\/td>\r\n                    <td data-col-title=\"Location\"><span class=\"loc-name\">Online, TEAMS <\/span><span class=\"loc-address\"><\/span><\/td>\r\n                    <td data-col-title=\"Start date\">\r\n                                                 Juli 6, 2026                    <\/td>\r\n                    <td data-col-title=\"End date\">\r\n                                                 Juli 9, 2026                    <\/td>\r\n                    <td data-col-title=\"Fees\">\r\n                        1,990.00\u20ac                    <\/td>\r\n                    <td>\r\n                        <a href=\"https:\/\/hospital-engineering.com\/de\/course\/krankenhausplanung-und-design-kurssprache-deutsch\/?sd=1783332000&#038;ed=1783612800\" data-open-type=\"current_window\"\r\n                           target=\"_self\" data-event-id=\"360\"\r\n                           data-s=\"1783332000\" data-e=\"1783612800\"\r\n                           data-time=\"  -  , Juli 6, 2026\"  data-single-time=\"10:00 Juli 6, 2026 to 16:00 Juli 9, 2026\">\r\n                            Details ansehen                        <\/a>\r\n                    <\/td>\r\n                <\/tr>\r\n                            <tr>\r\n                    <td class=\"fat-event-title\" data-col-title=\"Event\">\r\n                        <a href=\"https:\/\/hospital-engineering.com\/de\/course\/hospital-equipment-management-and-maintenance-germany-hamburg-2026\/?sd=1793095200&#038;ed=1793376000\" data-open-type=\"current_window\"\r\n                           target=\"_self\" data-event-id=\"388\"\r\n                           data-s=\"1793095200\" data-e=\"1793376000\"\r\n                           data-time=\"  -  , Oktober 27, 2026\"  data-single-time=\"10:00 Oktober 27, 2026 to 16:00 Oktober 30, 2026\">\r\n                            Krankenhausequipment Management und Wartung (Kurssprache: Englisch)                        <\/a>\r\n                    <\/td>\r\n                    <td data-col-title=\"Location\"><span class=\"loc-name\">Hamburg, Deutschland <\/span><span class=\"loc-address\"><\/span><\/td>\r\n                    <td data-col-title=\"Start date\">\r\n                                                 Oktober 27, 2026                    <\/td>\r\n                    <td data-col-title=\"End date\">\r\n                                                 Oktober 30, 2026                    <\/td>\r\n                    <td data-col-title=\"Fees\">\r\n                        2,449.00\u20ac                    <\/td>\r\n                    <td>\r\n                        <a href=\"https:\/\/hospital-engineering.com\/de\/course\/hospital-equipment-management-and-maintenance-germany-hamburg-2026\/?sd=1793095200&#038;ed=1793376000\" data-open-type=\"current_window\"\r\n                           target=\"_self\" data-event-id=\"388\"\r\n                           data-s=\"1793095200\" data-e=\"1793376000\"\r\n                           data-time=\"  -  , Oktober 27, 2026\"  data-single-time=\"10:00 Oktober 27, 2026 to 16:00 Oktober 30, 2026\">\r\n                            Details ansehen                        <\/a>\r\n                    <\/td>\r\n                <\/tr>\r\n                        <\/tbody>\r\n        <\/table>\r\n         <\/div>\r\n<\/div>\r\n<\/div>\n<\/div>\n<\/div>\n<\/div>\n<div class=\"section-lightgrey pt-4\">\n<div class=\"container\">\n<div class=\"row\">\n<div class=\"col-lg-4\">\n<div class=\"he-box same-height\">\n<div class=\"he-icon\"><i class=\"fa fa-location-arrow\" aria-hidden=\"true\"><\/i><\/div>\n<h3>Mission<\/h3>\n<p class=\"mb-0\">Unser Ziel ist es, \u00fcberall Spitzenleistungen im Gesundheitswesen zu erbringen. Wir wollen die Gesundheitsversorgung verbessern, indem wir in unseren Schulungskursen und Workshops modernstes Know-how vermitteln. Die Online-Kurse auf der Plattform der Hospital Engineering Academy tragen zur F\u00f6rderung von exzellenter Leistung im Gesundheitswesen bei. Zus\u00e4tzlich zu den Online-Modulen bieten Live-Schulungen sowohl praktischen als auch theoretischen Input. Durch den Einsatz eines \u201eBlended-Learning\u201c-Ansatzes erreichen wir mit Hilfe von integrierten Lernen einen maximalen Wissenstransfer.<\/p>\n<\/div>\n<\/div>\n<div class=\"col-lg-4\">\n<div class=\"he-box same-height\">\n<div class=\"he-icon\"><i class=\"fa fa-trophy\" aria-hidden=\"true\"><\/i><\/div>\n<h3>Vision<\/h3>\n<p class=\"mb-0\">Wir stellen uns eine Welt vor, in der die bestm\u00f6gliche Gesundheitsversorgung von gut ausgebildeten klinischen und nicht-klinischen Fachkr\u00e4ften erbracht wird &#8211; unabh\u00e4ngig von der Art der Gesundheitseinrichtung, der erbrachten Leistung oder dem Standort.<\/p>\n<\/div>\n<\/div>\n<div class=\"col-lg-4\">\n<div class=\"he-box same-height\">\n<div class=\"he-icon\"><i class=\"fa fa-graduation-cap\" aria-hidden=\"true\"><\/i><\/div>\n<h3>Trainingszentren<\/h3>\n<p class=\"mb-0\">Nehmen Sie in unseren Schulungseinrichtungen in Hamburg (Deutschland), Accra (Ghana), weltweit online an einem Ort Ihrer Wahl oder als kombinierte \u201eBlended-Learning\u201c-L\u00f6sung an der Hospital Engineering Academy teil.<\/p>\n<\/div>\n<\/div>\n<\/div>\n<\/div>\n<\/div>\n<div class=\"section-primary\">\n<div class=\"container\">\n<div class=\"row align-items-center\">\n<div class=\"col-lg-6\">\n<h3>e-Learning-Portal<\/h3>\n<p>Nehmen Sie an den Kursen der Hospital Engineering Academy auf unserem speziellen e-Learning-Portal teil. Die beliebtesten Schulungen der Akademie k\u00f6nnen im Selbststudium auf Englisch und Franz\u00f6sisch durchgef\u00fchrt werden. Entscheiden Sie selbst, wann Sie die Kursmodule abschlie\u00dfen m\u00f6chten. Ihr Vorteil: Wann immer Sie Fragen haben, k\u00f6nnen Sie einen Termin mit einem unserer Mentoren buchen. Nach erfolgreichem Abschluss eines Kurses erhalten Sie ein Zertifikat der Hospital Engineering Academy!<\/p>\n<h4>Verf\u00fcgbare Kurse:<\/h4>\n<ul>\n<li>Introduction to Health Facility Project Funding<\/li>\n<li>Healthcare Facility Planning and Design<\/li>\n<li>Planning &#038; Design Case Study \u2013 Maternity Clinic<\/li>\n<li>Healthcare Equipment Management and Maintenance<\/li>\n<li>Supply Chain and Cold Chain Logistics for Covid-19 Vaccines<\/li>\n<li>Cold Chain (Logistics) Management<\/li>\n<li>Hazardous Substances with Focus on Vaccines<\/li>\n<\/ul>\n<p><a href=\"https:\/\/hospitalengineering.academy\/\" target=\"_blank\" class=\"btn btn-secondary mt-4\" rel=\"noopener\">Jetzt beitreten<\/a>\n<\/p>\n<\/div>\n<div class=\"col-md-6\">\n<img decoding=\"async\" src=\"https:\/\/hospital-engineering.com\/de\/wp-content\/uploads\/2024\/05\/self-learning.jpg\" class=\"img-fluid d-block mx-auto\" alt=\"e-Learning-Portal\">\n<\/div>\n<\/div>\n<\/div>\n<\/div>\n","protected":false},"excerpt":{"rendered":"<p>Academy Hospital Engineering verf\u00fcgt \u00fcber ein Team von Experten mit langj\u00e4hriger Berufserfahrung im Gesundheitswesen. An der Hospital Engineering Academy profitieren die Teilnehmer von einer Ausbildung, die theoretische mit praktischen Erfahrungen aus der ganzen Welt verbindet. Das Team von Hospital Engineering, dessen Kerngesch\u00e4ft die Entwicklung von Gesundheitseinrichtungen und die Lieferung von Ausr\u00fcstung, Installation, Wartung, technischem Support [&#8230;]<\/p>\n<p><a class=\"btn btn-secondary understrap-read-more-link\" href=\"https:\/\/hospital-engineering.com\/de\/course\/krankenhausplanung-und-design-kurssprache-englisch_juli_2025\/\">Weiterlesen&#8230;<\/a><\/p>\n","protected":false},"author":1,"featured_media":0,"parent":0,"menu_order":0,"comment_status":"closed","ping_status":"closed","template":"page-templates\/empty.php","meta":{"footnotes":""},"class_list":["post-12","page","type-page","status-publish","hentry"],"yoast_head":"<!-- This site is optimized with the Yoast SEO plugin v26.8 - https:\/\/yoast.com\/product\/yoast-seo-wordpress\/ -->\n<title>Academy - Hospital Engineering GmbH<\/title>\n<meta name=\"robots\" content=\"index, follow, max-snippet:-1, max-image-preview:large, max-video-preview:-1\" \/>\n<link rel=\"canonical\" href=\"https:\/\/hospital-engineering.com\/de\/academy\/\" \/>\n<meta property=\"og:locale\" content=\"de_DE\" \/>\n<meta property=\"og:type\" content=\"article\" \/>\n<meta property=\"og:title\" content=\"Academy - Hospital Engineering GmbH\" \/>\n<meta property=\"og:description\" content=\"Academy Hospital Engineering verf\u00fcgt \u00fcber ein Team von Experten mit langj\u00e4hriger Berufserfahrung im Gesundheitswesen. An der Hospital Engineering Academy profitieren die Teilnehmer von einer Ausbildung, die theoretische mit praktischen Erfahrungen aus der ganzen Welt verbindet. Das Team von Hospital Engineering, dessen Kerngesch\u00e4ft die Entwicklung von Gesundheitseinrichtungen und die Lieferung von Ausr\u00fcstung, Installation, Wartung, technischem Support [...]Weiterlesen...\" \/>\n<meta property=\"og:url\" content=\"https:\/\/hospital-engineering.com\/de\/academy\/\" \/>\n<meta property=\"og:site_name\" content=\"Hospital Engineering GmbH\" \/>\n<meta property=\"article:modified_time\" content=\"2025-03-13T09:41:48+00:00\" \/>\n<meta property=\"og:image\" content=\"https:\/\/hospital-engineering.com\/de\/wp-content\/uploads\/2024\/05\/self-learning.jpg\" \/>\n<meta name=\"twitter:card\" content=\"summary_large_image\" \/>\n<meta name=\"twitter:label1\" content=\"Gesch\u00e4tzte Lesezeit\" \/>\n\t<meta name=\"twitter:data1\" content=\"3\u00a0Minuten\" \/>\n<script type=\"application\/ld+json\" class=\"yoast-schema-graph\">{\"@context\":\"https:\/\/schema.org\",\"@graph\":[{\"@type\":\"WebPage\",\"@id\":\"https:\/\/hospital-engineering.com\/de\/academy\/\",\"url\":\"https:\/\/hospital-engineering.com\/de\/academy\/\",\"name\":\"Academy - Hospital Engineering GmbH\",\"isPartOf\":{\"@id\":\"https:\/\/hospital-engineering.com\/de\/#website\"},\"primaryImageOfPage\":{\"@id\":\"https:\/\/hospital-engineering.com\/de\/academy\/#primaryimage\"},\"image\":{\"@id\":\"https:\/\/hospital-engineering.com\/de\/academy\/#primaryimage\"},\"thumbnailUrl\":\"https:\/\/hospital-engineering.com\/de\/wp-content\/uploads\/2024\/05\/self-learning.jpg\",\"datePublished\":\"2023-02-28T10:53:44+00:00\",\"dateModified\":\"2025-03-13T09:41:48+00:00\",\"breadcrumb\":{\"@id\":\"https:\/\/hospital-engineering.com\/de\/academy\/#breadcrumb\"},\"inLanguage\":\"de\",\"potentialAction\":[{\"@type\":\"ReadAction\",\"target\":[\"https:\/\/hospital-engineering.com\/de\/academy\/\"]}]},{\"@type\":\"ImageObject\",\"inLanguage\":\"de\",\"@id\":\"https:\/\/hospital-engineering.com\/de\/academy\/#primaryimage\",\"url\":\"https:\/\/hospital-engineering.com\/de\/wp-content\/uploads\/2024\/05\/self-learning.jpg\",\"contentUrl\":\"https:\/\/hospital-engineering.com\/de\/wp-content\/uploads\/2024\/05\/self-learning.jpg\",\"width\":540,\"height\":540,\"caption\":\"self-learning\"},{\"@type\":\"BreadcrumbList\",\"@id\":\"https:\/\/hospital-engineering.com\/de\/academy\/#breadcrumb\",\"itemListElement\":[{\"@type\":\"ListItem\",\"position\":1,\"name\":\"Startseite\",\"item\":\"https:\/\/hospital-engineering.com\/de\/\"},{\"@type\":\"ListItem\",\"position\":2,\"name\":\"Academy\"}]},{\"@type\":\"WebSite\",\"@id\":\"https:\/\/hospital-engineering.com\/de\/#website\",\"url\":\"https:\/\/hospital-engineering.com\/de\/\",\"name\":\"Hospital Engineering GmbH\",\"description\":\"\",\"potentialAction\":[{\"@type\":\"SearchAction\",\"target\":{\"@type\":\"EntryPoint\",\"urlTemplate\":\"https:\/\/hospital-engineering.com\/de\/?s={search_term_string}\"},\"query-input\":{\"@type\":\"PropertyValueSpecification\",\"valueRequired\":true,\"valueName\":\"search_term_string\"}}],\"inLanguage\":\"de\"}]}<\/script>\n<!-- \/ Yoast SEO plugin. -->","yoast_head_json":{"title":"Academy - Hospital Engineering GmbH","robots":{"index":"index","follow":"follow","max-snippet":"max-snippet:-1","max-image-preview":"max-image-preview:large","max-video-preview":"max-video-preview:-1"},"canonical":"https:\/\/hospital-engineering.com\/de\/academy\/","og_locale":"de_DE","og_type":"article","og_title":"Academy - Hospital Engineering GmbH","og_description":"Academy Hospital Engineering verf\u00fcgt \u00fcber ein Team von Experten mit langj\u00e4hriger Berufserfahrung im Gesundheitswesen. An der Hospital Engineering Academy profitieren die Teilnehmer von einer Ausbildung, die theoretische mit praktischen Erfahrungen aus der ganzen Welt verbindet. Das Team von Hospital Engineering, dessen Kerngesch\u00e4ft die Entwicklung von Gesundheitseinrichtungen und die Lieferung von Ausr\u00fcstung, Installation, Wartung, technischem Support [...]Weiterlesen...","og_url":"https:\/\/hospital-engineering.com\/de\/academy\/","og_site_name":"Hospital Engineering GmbH","article_modified_time":"2025-03-13T09:41:48+00:00","og_image":[{"url":"https:\/\/hospital-engineering.com\/de\/wp-content\/uploads\/2024\/05\/self-learning.jpg","type":"","width":"","height":""}],"twitter_card":"summary_large_image","twitter_misc":{"Gesch\u00e4tzte Lesezeit":"3\u00a0Minuten"},"schema":{"@context":"https:\/\/schema.org","@graph":[{"@type":"WebPage","@id":"https:\/\/hospital-engineering.com\/de\/academy\/","url":"https:\/\/hospital-engineering.com\/de\/academy\/","name":"Academy - Hospital Engineering GmbH","isPartOf":{"@id":"https:\/\/hospital-engineering.com\/de\/#website"},"primaryImageOfPage":{"@id":"https:\/\/hospital-engineering.com\/de\/academy\/#primaryimage"},"image":{"@id":"https:\/\/hospital-engineering.com\/de\/academy\/#primaryimage"},"thumbnailUrl":"https:\/\/hospital-engineering.com\/de\/wp-content\/uploads\/2024\/05\/self-learning.jpg","datePublished":"2023-02-28T10:53:44+00:00","dateModified":"2025-03-13T09:41:48+00:00","breadcrumb":{"@id":"https:\/\/hospital-engineering.com\/de\/academy\/#breadcrumb"},"inLanguage":"de","potentialAction":[{"@type":"ReadAction","target":["https:\/\/hospital-engineering.com\/de\/academy\/"]}]},{"@type":"ImageObject","inLanguage":"de","@id":"https:\/\/hospital-engineering.com\/de\/academy\/#primaryimage","url":"https:\/\/hospital-engineering.com\/de\/wp-content\/uploads\/2024\/05\/self-learning.jpg","contentUrl":"https:\/\/hospital-engineering.com\/de\/wp-content\/uploads\/2024\/05\/self-learning.jpg","width":540,"height":540,"caption":"self-learning"},{"@type":"BreadcrumbList","@id":"https:\/\/hospital-engineering.com\/de\/academy\/#breadcrumb","itemListElement":[{"@type":"ListItem","position":1,"name":"Startseite","item":"https:\/\/hospital-engineering.com\/de\/"},{"@type":"ListItem","position":2,"name":"Academy"}]},{"@type":"WebSite","@id":"https:\/\/hospital-engineering.com\/de\/#website","url":"https:\/\/hospital-engineering.com\/de\/","name":"Hospital Engineering GmbH","description":"","potentialAction":[{"@type":"SearchAction","target":{"@type":"EntryPoint","urlTemplate":"https:\/\/hospital-engineering.com\/de\/?s={search_term_string}"},"query-input":{"@type":"PropertyValueSpecification","valueRequired":true,"valueName":"search_term_string"}}],"inLanguage":"de"}]}},"_links":{"self":[{"href":"https:\/\/hospital-engineering.com\/de\/wp-json\/wp\/v2\/pages\/12","targetHints":{"allow":["GET"]}}],"collection":[{"href":"https:\/\/hospital-engineering.com\/de\/wp-json\/wp\/v2\/pages"}],"about":[{"href":"https:\/\/hospital-engineering.com\/de\/wp-json\/wp\/v2\/types\/page"}],"author":[{"embeddable":true,"href":"https:\/\/hospital-engineering.com\/de\/wp-json\/wp\/v2\/users\/1"}],"replies":[{"embeddable":true,"href":"https:\/\/hospital-engineering.com\/de\/wp-json\/wp\/v2\/comments?post=12"}],"version-history":[{"count":14,"href":"https:\/\/hospital-engineering.com\/de\/wp-json\/wp\/v2\/pages\/12\/revisions"}],"predecessor-version":[{"id":374,"href":"https:\/\/hospital-engineering.com\/de\/wp-json\/wp\/v2\/pages\/12\/revisions\/374"}],"wp:attachment":[{"href":"https:\/\/hospital-engineering.com\/de\/wp-json\/wp\/v2\/media?parent=12"}],"curies":[{"name":"wp","href":"https:\/\/api.w.org\/{rel}","templated":true}]}}