{"id":58,"date":"2023-03-02T10:09:52","date_gmt":"2023-03-02T10:09:52","guid":{"rendered":"http:\/\/hospital-engineering.com\/de\/?page_id=58"},"modified":"2025-11-29T12:16:22","modified_gmt":"2025-11-29T11:16:22","slug":"imprint","status":"publish","type":"page","link":"https:\/\/hospital-engineering.com\/de\/imprint\/","title":{"rendered":"Impressum"},"content":{"rendered":"<div class=\"imprint-bg\">\n<div class=\"container-fluid h-100\">\n<div class=\"row h-100 align-items-center\">\n<div class=\"col-md-6 banner-txt\">\n<h1>Impressum<\/h1>\n<p>Auf dieser Seite finden Sie das Impressum. Wenn Sie uns kontaktieren m\u00f6chten, besuchen Sie bitte unsere Kontaktseite.<\/p>\n<p>Hospital Engineering ist teil der:<\/p>\n<\/div>\n<\/div>\n<\/div>\n<\/div>\n<div class=\"section-white\">\n<div class=\"container\">\n<div class=\"row align-items-center\">\n<div class=\"col-md-6\">\n<p><b>Germany Healthcare Engineering GmbH<\/b><br \/>\nBillwerder Neuer Deich 12<br \/>\n20539 Hamburg<br \/>\nDeutschland<\/p>\n<p><b>Erf\u00fcllungsort und Gerichtsstand:<\/b> Hamburg<br \/>\n<b>Handelsregister:<\/b> HRB 156589<br \/>\n<b>USt-IDNr:<\/b> DE326188187<\/p>\n<p><b>Inhaltlich verantwortlich:<\/b><br \/>\nJohannes O. Bockmann (Managing Director)<\/p>\n<\/div>\n<div class=\"col-md-6\"><img decoding=\"async\" class=\"img-fluid d-block mx-auto\" src=\"http:\/\/hospital-engineering.com\/de\/wp-content\/uploads\/2023\/03\/imprint-img.jpg\" \/><\/div>\n<\/div>\n<\/div>\n<\/div>\n<div class=\"section-primary\">\n<div class=\"container\">\n<div class=\"row\">\n<div class=\"col-md-6\">\n<h3>Liability For Content<\/h3>\n<p>We have made great efforts in creating our pages. However, we cannot guarantee the accuracy, completeness, and timeliness of the content. As a service provider, we are liable for the content we create on these pages according to \u00a7 7 para. 1 TMG (German Telemedia Act) under the applicable laws. However, under \u00a7\u00a7 8 to 10 TMG, we are not obliged to monitor transmitted or stored third-party information or to investigate circumstances that indicate illegal activity. We reserve the right to remove information or block its use in accordance with applicable laws. Liability can only arise from the point in time at which we become aware of a specific legal violation. If such violations become known to us, we will immediately remove the corresponding content. The German version of this text prevails.<\/p>\n<\/div>\n<div class=\"col-md-6\">\n<h3>Haftung f\u00fcr Inhalte<\/h3>\n<p>Wir haben uns bei der Erstellung unserer Seiten gro\u00dfe M\u00fche gegeben. F\u00fcr die Richtigkeit, Vollst\u00e4ndigkeit und Aktualit\u00e4t der Inhalte k\u00f6nnen wir jedoch keine Gew\u00e4hr \u00fcbernehmen. Als Dienstanbieter sind wir gem\u00e4\u00df \u00a7 7 Abs.1 TMG f\u00fcr eigene Inhalte auf diesen Seiten nach den allgemeinen Gesetzen verantwortlich. Nach \u00a7\u00a7 8 bis 10 TMG sind wir als Diensteanbieter jedoch nicht verpflichtet, \u00fcbermittelte oder gespeicherte fremde Informationen zu \u00fcberwachen oder nach Umst\u00e4nden zu forschen, die auf eine rechtswidrige T\u00e4tigkeit hinweisen. Wir behalten uns das Recht vor, nach Ma\u00dfgabe der geltenden Gesetze Informationen zu entfernen oder deren Nutzung zu sperren. Eine diesbez\u00fcgliche Haftung ist jedoch erst ab dem Zeitpunkt der Kenntnis einer konkreten Rechtsverletzung m\u00f6glich. Bei Bekanntwerden von entsprechenden Rechtsverletzungen werden wir diese Inhalte umgehend entfernen. Die deutsche Fassung dieses Textes ist ma\u00dfgebend.<\/p>\n<\/div>\n<\/div>\n<\/div>\n<\/div>\n<div class=\"section-lightgrey\">\n<div class=\"container\">\n<div class=\"row\">\n<div class=\"col-md-6\">\n<h3>Liability For Hyperlinks<\/h3>\n<p>Our website contains links to external third-party websites over which we have no control. Therefore, we cannot assume any liability for these foreign contents. The respective provider or operator of the linked sites is always responsible for their content. The linked pages were checked for possible legal violations at the time of linking. Illegal content was not identifiable at the time of linking. However, it is not reasonable to conduct ongoing content checks on linked pages without concrete evidence of a legal violation. If we become aware of any violations, we will immediately remove such links. The German version of this text prevails.<\/p>\n<\/div>\n<div class=\"col-md-6\">\n<h3>Haftung f\u00fcr Links<\/h3>\n<p>Unser Angebot enth\u00e4lt Links zu externen Webseiten Dritter, auf deren Inhalte wir keinen Einfluss haben. Deshalb k\u00f6nnen wir f\u00fcr diese fremden Inhalte auch keine Gew\u00e4hr \u00fcbernehmen. F\u00fcr die Inhalte der verlinkten Seiten ist stets der jeweilige Anbieter oder Betreiber der Seiten verantwortlich. Die verlinkten Seiten wurden zum Zeitpunkt der Verlinkung auf m\u00f6gliche Rechtsverst\u00f6\u00dfe \u00fcberpr\u00fcft. Rechtswidrige Inhalte waren zum Zeitpunkt der Verlinkung nicht erkennbar. Eine permanente inhaltliche Kontrolle der verlinkten Seiten ist jedoch ohne konkrete Anhaltspunkte einer Rechtsverletzung nicht zumutbar. Bei Bekanntwerden von Rechtsverletzungen werden wir derartige Links umgehend entfernen. Die deutsche Fassung dieses Textes ist ma\u00dfgebend.<\/p>\n<\/div>\n<\/div>\n<\/div>\n<\/div>\n<div class=\"section-white\">\n<div class=\"container\">\n<div class=\"row\">\n<div class=\"col-md-12 text-center\">\n<h4>Unsere Datenschutzerkl\u00e4rung finden Sie <a href=\"http:\/\/hospital-engineering.com\/de\/datenschutzerklaerung\/\">hier<\/a>.<\/h4>\n<\/div>\n<\/div>\n<\/div>\n<\/div>\n","protected":false},"excerpt":{"rendered":"<p>Impressum Auf dieser Seite finden Sie das Impressum. Wenn Sie uns kontaktieren m\u00f6chten, besuchen Sie bitte unsere Kontaktseite. Hospital Engineering ist teil der: Germany Healthcare Engineering GmbH Billwerder Neuer Deich 12 20539 Hamburg Deutschland Erf\u00fcllungsort und Gerichtsstand: Hamburg Handelsregister: HRB 156589 USt-IDNr: DE326188187 Inhaltlich verantwortlich: Johannes O. Bockmann (Managing Director) Liability For Content We have [&#8230;]<\/p>\n<p><a class=\"btn btn-secondary understrap-read-more-link\" href=\"https:\/\/hospital-engineering.com\/de\/imprint\/\">Weiterlesen&#8230;<\/a><\/p>\n","protected":false},"author":1,"featured_media":0,"parent":0,"menu_order":0,"comment_status":"closed","ping_status":"closed","template":"page-templates\/empty.php","meta":{"footnotes":""},"class_list":["post-58","page","type-page","status-publish","hentry"],"yoast_head":"<!-- This site is optimized with the Yoast SEO plugin v26.8 - https:\/\/yoast.com\/product\/yoast-seo-wordpress\/ -->\n<title>Impressum - Hospital Engineering GmbH<\/title>\n<meta name=\"robots\" content=\"index, follow, max-snippet:-1, max-image-preview:large, max-video-preview:-1\" \/>\n<link rel=\"canonical\" href=\"https:\/\/hospital-engineering.com\/de\/imprint\/\" \/>\n<meta property=\"og:locale\" content=\"de_DE\" \/>\n<meta property=\"og:type\" content=\"article\" \/>\n<meta property=\"og:title\" content=\"Impressum - Hospital Engineering GmbH\" \/>\n<meta property=\"og:description\" content=\"Impressum Auf dieser Seite finden Sie das Impressum. Wenn Sie uns kontaktieren m\u00f6chten, besuchen Sie bitte unsere Kontaktseite. Hospital Engineering ist teil der: Germany Healthcare Engineering GmbH Billwerder Neuer Deich 12 20539 Hamburg Deutschland Erf\u00fcllungsort und Gerichtsstand: Hamburg Handelsregister: HRB 156589 USt-IDNr: DE326188187 Inhaltlich verantwortlich: Johannes O. Bockmann (Managing Director) Liability For Content We have [...]Weiterlesen...\" \/>\n<meta property=\"og:url\" content=\"https:\/\/hospital-engineering.com\/de\/imprint\/\" \/>\n<meta property=\"og:site_name\" content=\"Hospital Engineering GmbH\" \/>\n<meta property=\"article:modified_time\" content=\"2025-11-29T11:16:22+00:00\" \/>\n<meta property=\"og:image\" content=\"http:\/\/hospital-engineering.com\/de\/wp-content\/uploads\/2023\/03\/imprint-img.jpg\" \/>\n<meta name=\"twitter:card\" content=\"summary_large_image\" \/>\n<meta name=\"twitter:label1\" content=\"Gesch\u00e4tzte Lesezeit\" \/>\n\t<meta name=\"twitter:data1\" content=\"4\u00a0Minuten\" \/>\n<script type=\"application\/ld+json\" class=\"yoast-schema-graph\">{\"@context\":\"https:\/\/schema.org\",\"@graph\":[{\"@type\":\"WebPage\",\"@id\":\"https:\/\/hospital-engineering.com\/de\/imprint\/\",\"url\":\"https:\/\/hospital-engineering.com\/de\/imprint\/\",\"name\":\"Impressum - Hospital Engineering GmbH\",\"isPartOf\":{\"@id\":\"https:\/\/hospital-engineering.com\/de\/#website\"},\"primaryImageOfPage\":{\"@id\":\"https:\/\/hospital-engineering.com\/de\/imprint\/#primaryimage\"},\"image\":{\"@id\":\"https:\/\/hospital-engineering.com\/de\/imprint\/#primaryimage\"},\"thumbnailUrl\":\"http:\/\/hospital-engineering.com\/de\/wp-content\/uploads\/2023\/03\/imprint-img.jpg\",\"datePublished\":\"2023-03-02T10:09:52+00:00\",\"dateModified\":\"2025-11-29T11:16:22+00:00\",\"breadcrumb\":{\"@id\":\"https:\/\/hospital-engineering.com\/de\/imprint\/#breadcrumb\"},\"inLanguage\":\"de\",\"potentialAction\":[{\"@type\":\"ReadAction\",\"target\":[\"https:\/\/hospital-engineering.com\/de\/imprint\/\"]}]},{\"@type\":\"ImageObject\",\"inLanguage\":\"de\",\"@id\":\"https:\/\/hospital-engineering.com\/de\/imprint\/#primaryimage\",\"url\":\"https:\/\/hospital-engineering.com\/de\/wp-content\/uploads\/2023\/03\/imprint-img.jpg\",\"contentUrl\":\"https:\/\/hospital-engineering.com\/de\/wp-content\/uploads\/2023\/03\/imprint-img.jpg\",\"width\":600,\"height\":400},{\"@type\":\"BreadcrumbList\",\"@id\":\"https:\/\/hospital-engineering.com\/de\/imprint\/#breadcrumb\",\"itemListElement\":[{\"@type\":\"ListItem\",\"position\":1,\"name\":\"Startseite\",\"item\":\"https:\/\/hospital-engineering.com\/de\/\"},{\"@type\":\"ListItem\",\"position\":2,\"name\":\"Impressum\"}]},{\"@type\":\"WebSite\",\"@id\":\"https:\/\/hospital-engineering.com\/de\/#website\",\"url\":\"https:\/\/hospital-engineering.com\/de\/\",\"name\":\"Hospital Engineering GmbH\",\"description\":\"\",\"potentialAction\":[{\"@type\":\"SearchAction\",\"target\":{\"@type\":\"EntryPoint\",\"urlTemplate\":\"https:\/\/hospital-engineering.com\/de\/?s={search_term_string}\"},\"query-input\":{\"@type\":\"PropertyValueSpecification\",\"valueRequired\":true,\"valueName\":\"search_term_string\"}}],\"inLanguage\":\"de\"}]}<\/script>\n<!-- \/ Yoast SEO plugin. -->","yoast_head_json":{"title":"Impressum - Hospital Engineering GmbH","robots":{"index":"index","follow":"follow","max-snippet":"max-snippet:-1","max-image-preview":"max-image-preview:large","max-video-preview":"max-video-preview:-1"},"canonical":"https:\/\/hospital-engineering.com\/de\/imprint\/","og_locale":"de_DE","og_type":"article","og_title":"Impressum - Hospital Engineering GmbH","og_description":"Impressum Auf dieser Seite finden Sie das Impressum. Wenn Sie uns kontaktieren m\u00f6chten, besuchen Sie bitte unsere Kontaktseite. Hospital Engineering ist teil der: Germany Healthcare Engineering GmbH Billwerder Neuer Deich 12 20539 Hamburg Deutschland Erf\u00fcllungsort und Gerichtsstand: Hamburg Handelsregister: HRB 156589 USt-IDNr: DE326188187 Inhaltlich verantwortlich: Johannes O. Bockmann (Managing Director) Liability For Content We have [...]Weiterlesen...","og_url":"https:\/\/hospital-engineering.com\/de\/imprint\/","og_site_name":"Hospital Engineering GmbH","article_modified_time":"2025-11-29T11:16:22+00:00","og_image":[{"url":"http:\/\/hospital-engineering.com\/de\/wp-content\/uploads\/2023\/03\/imprint-img.jpg","type":"","width":"","height":""}],"twitter_card":"summary_large_image","twitter_misc":{"Gesch\u00e4tzte Lesezeit":"4\u00a0Minuten"},"schema":{"@context":"https:\/\/schema.org","@graph":[{"@type":"WebPage","@id":"https:\/\/hospital-engineering.com\/de\/imprint\/","url":"https:\/\/hospital-engineering.com\/de\/imprint\/","name":"Impressum - Hospital Engineering GmbH","isPartOf":{"@id":"https:\/\/hospital-engineering.com\/de\/#website"},"primaryImageOfPage":{"@id":"https:\/\/hospital-engineering.com\/de\/imprint\/#primaryimage"},"image":{"@id":"https:\/\/hospital-engineering.com\/de\/imprint\/#primaryimage"},"thumbnailUrl":"http:\/\/hospital-engineering.com\/de\/wp-content\/uploads\/2023\/03\/imprint-img.jpg","datePublished":"2023-03-02T10:09:52+00:00","dateModified":"2025-11-29T11:16:22+00:00","breadcrumb":{"@id":"https:\/\/hospital-engineering.com\/de\/imprint\/#breadcrumb"},"inLanguage":"de","potentialAction":[{"@type":"ReadAction","target":["https:\/\/hospital-engineering.com\/de\/imprint\/"]}]},{"@type":"ImageObject","inLanguage":"de","@id":"https:\/\/hospital-engineering.com\/de\/imprint\/#primaryimage","url":"https:\/\/hospital-engineering.com\/de\/wp-content\/uploads\/2023\/03\/imprint-img.jpg","contentUrl":"https:\/\/hospital-engineering.com\/de\/wp-content\/uploads\/2023\/03\/imprint-img.jpg","width":600,"height":400},{"@type":"BreadcrumbList","@id":"https:\/\/hospital-engineering.com\/de\/imprint\/#breadcrumb","itemListElement":[{"@type":"ListItem","position":1,"name":"Startseite","item":"https:\/\/hospital-engineering.com\/de\/"},{"@type":"ListItem","position":2,"name":"Impressum"}]},{"@type":"WebSite","@id":"https:\/\/hospital-engineering.com\/de\/#website","url":"https:\/\/hospital-engineering.com\/de\/","name":"Hospital Engineering GmbH","description":"","potentialAction":[{"@type":"SearchAction","target":{"@type":"EntryPoint","urlTemplate":"https:\/\/hospital-engineering.com\/de\/?s={search_term_string}"},"query-input":{"@type":"PropertyValueSpecification","valueRequired":true,"valueName":"search_term_string"}}],"inLanguage":"de"}]}},"_links":{"self":[{"href":"https:\/\/hospital-engineering.com\/de\/wp-json\/wp\/v2\/pages\/58","targetHints":{"allow":["GET"]}}],"collection":[{"href":"https:\/\/hospital-engineering.com\/de\/wp-json\/wp\/v2\/pages"}],"about":[{"href":"https:\/\/hospital-engineering.com\/de\/wp-json\/wp\/v2\/types\/page"}],"author":[{"embeddable":true,"href":"https:\/\/hospital-engineering.com\/de\/wp-json\/wp\/v2\/users\/1"}],"replies":[{"embeddable":true,"href":"https:\/\/hospital-engineering.com\/de\/wp-json\/wp\/v2\/comments?post=58"}],"version-history":[{"count":15,"href":"https:\/\/hospital-engineering.com\/de\/wp-json\/wp\/v2\/pages\/58\/revisions"}],"predecessor-version":[{"id":391,"href":"https:\/\/hospital-engineering.com\/de\/wp-json\/wp\/v2\/pages\/58\/revisions\/391"}],"wp:attachment":[{"href":"https:\/\/hospital-engineering.com\/de\/wp-json\/wp\/v2\/media?parent=58"}],"curies":[{"name":"wp","href":"https:\/\/api.w.org\/{rel}","templated":true}]}}