{"id":90,"date":"2023-03-03T08:26:11","date_gmt":"2023-03-03T08:26:11","guid":{"rendered":"http:\/\/hospital-engineering.com\/de\/?page_id=90"},"modified":"2023-04-17T14:50:44","modified_gmt":"2023-04-17T12:50:44","slug":"software","status":"publish","type":"page","link":"https:\/\/hospital-engineering.com\/de\/software\/","title":{"rendered":"Software"},"content":{"rendered":"<div class=\"software-bg\">\n<div class=\"container-fluid h-100\">\n<div class=\"row h-100 align-items-center\">\n<div class=\"col-md-6 banner-txt\">\n<h1>Software<\/h1>\n<p>Softwareanwendungen f\u00fcr das Gesundheitswesen sind ein sensibles Thema. Mit langj\u00e4hriger internationaler Erfahrung hat sich Hospital Engineering auf ma\u00dfgeschneiderte L\u00f6sungen f\u00fcr das Gesundheitswesen spezialisiert. Zum Portfolio geh\u00f6ren auch Schulungen und Integrationsunterst\u00fctzung vor Ort.<\/p>\n<\/div>\n<\/div>\n<\/div>\n<\/div>\n<div class=\"section-white\">\n<div class=\"container\">\n<div class=\"row\">\n<div class=\"col-md-12\">\n<p>Hospital Engineering bietet eine umfassende Palette von Softwarel\u00f6sungen zur Optimierung von Prozessen und zur Verbesserung der Patientenversorgung in Krankenh\u00e4usern und Gesundheitseinrichtungen an. Unsere Softwarel\u00f6sungen basieren auf der Erfahrung unserer internationalen Experten und sind auf die individuellen Bed\u00fcrfnisse von Gesundheitsorganisationen zugeschnitten &#8211; von kleinen Kliniken bis hin zu gro\u00dfen Krankenh\u00e4usern mit mehreren Standorten. Unsere innovativen L\u00f6sungen stellen sich einer Reihe von Herausforderungen im Gesundheitswesen, von der effizienten Planung von Gesundheitseinrichtungen bis hin zur Verwaltung und Wartung von Ger\u00e4ten.<\/p>\n<p>Unser Ziel ist es, Krankenhausplanern und Organisationen des Gesundheitswesens die Werkzeuge an die Hand zu geben, die sie ben\u00f6tigen, um die betriebliche Effizienz zu steigern, die Kosten zu senken und letztendlich die Ergebnisse f\u00fcr die Patienten zu verbessern. Erfahren Sie mehr \u00fcber unsere Softwarel\u00f6sungen f\u00fcr das Gesundheitswesen und wie wir Ihrer Organisation helfen k\u00f6nnen, ihre Ziele im Gesundheitswesen zu erreichen.<\/p>\n<\/div>\n<\/div>\n<\/div>\n<\/div>\n<div class=\"section-lightgrey\">\n<div class=\"container\">\n<div class=\"row align-items-center\">\n<div class=\"col-md-6\">\n<h3>Hospital Engineering Hospital Planning<\/h3>\n<p>Die Hospital Planning Software von Hospital Engineering ist ein unverzichtbares Werkzeug f\u00fcr die effektive Planung von Gesundheitseinrichtungen. Sie erm\u00f6glicht Krankenhausplanern die Erstellung detaillierter Pl\u00e4ne f\u00fcr verschiedene Arten von Gesundheitseinrichtungen, darunter Krankenh\u00e4user, Kliniken und medizinische Zentren.<\/p>\n<p>Die Hospital Planning Software bietet Planern eine umfassende Unterst\u00fctzung w\u00e4hrend des gesamten Planungsprozesses. Von der Erstellung von Abteilungs- und Raumprogrammen bis hin zur Entwicklung von Ausstattungslisten und technischen Raumdatenbl\u00e4ttern rationalisiert die Software den Planungsprozess und reduziert das Risiko von Fehlern oder Auslassungen.<\/p>\n<p><a class=\"btn btn-primary\" href=\"http:\/\/hospital-engineering.com\/de\/contact\/\">Kontaktieren Sie uns f\u00fcr mehre Informationen<\/a><\/p>\n<\/div>\n<div class=\"col-md-6\"><img decoding=\"async\" class=\"img-fluid d-block mx-auto\" src=\"http:\/\/hospital-engineering.com\/de\/wp-content\/uploads\/2023\/03\/hospital-planning-img.jpg\" \/><\/div>\n<\/div>\n<\/div>\n<\/div>\n<div class=\"section-white\">\n<div class=\"container\">\n<div class=\"row align-items-center\">\n<div class=\"col-md-6 order-md-2\">\n<h3>Hospital Engineering Equipment Management and Maintenance<\/h3>\n<p>Die Equipment Management and Maintenance Software von Hospital Engineering ist ein wesentliches Instrument f\u00fcr den reibungslosen Betrieb von Gesundheitseinrichtungen. Sie erm\u00f6glicht eine effiziente Verwaltung und Wartung der Ausr\u00fcstung, einschlie\u00dflich der Planung und \u00dcberwachung regelm\u00e4\u00dfiger Wartung, Reparaturen und Inspektionen. Diese Software ist unerl\u00e4sslich, um sicherzustellen, dass sich die Ausr\u00fcstung in einem optimalen Betriebszustand befindet, wodurch das Risiko von Ausf\u00e4llen verringert und kostspielige Ausfallzeiten vermieden werden. Die Software kann f\u00fcr die Verwaltung und Wartung aller Arten von Ger\u00e4ten in Gesundheitseinrichtungen eingesetzt werden, von Patientenbetten \u00fcber medizinische Bildgebungsger\u00e4te bis hin zu Labor- und Diagnoseger\u00e4ten.<\/p>\n<p><a class=\"btn btn-primary\" href=\"http:\/\/hospital-engineering.com\/de\/contact\/\">Kontaktieren Sie uns f\u00fcr mehre Informationen<\/a><\/p>\n<\/div>\n<div class=\"col-md-6 order-md-1\"><img decoding=\"async\" class=\"img-fluid d-block mx-auto\" src=\"http:\/\/hospital-engineering.com\/de\/wp-content\/uploads\/2023\/03\/equipment-maintenance-img.jpg\" \/><\/div>\n<\/div>\n<\/div>\n<\/div>\n","protected":false},"excerpt":{"rendered":"<p>Software Softwareanwendungen f\u00fcr das Gesundheitswesen sind ein sensibles Thema. Mit langj\u00e4hriger internationaler Erfahrung hat sich Hospital Engineering auf ma\u00dfgeschneiderte L\u00f6sungen f\u00fcr das Gesundheitswesen spezialisiert. Zum Portfolio geh\u00f6ren auch Schulungen und Integrationsunterst\u00fctzung vor Ort. Hospital Engineering bietet eine umfassende Palette von Softwarel\u00f6sungen zur Optimierung von Prozessen und zur Verbesserung der Patientenversorgung in Krankenh\u00e4usern und Gesundheitseinrichtungen an. [&#8230;]<\/p>\n<p><a class=\"btn btn-secondary understrap-read-more-link\" href=\"https:\/\/hospital-engineering.com\/de\/software\/\">Weiterlesen&#8230;<\/a><\/p>\n","protected":false},"author":1,"featured_media":0,"parent":0,"menu_order":0,"comment_status":"closed","ping_status":"closed","template":"page-templates\/empty.php","meta":{"footnotes":""},"class_list":["post-90","page","type-page","status-publish","hentry"],"yoast_head":"<!-- This site is optimized with the Yoast SEO plugin v26.8 - https:\/\/yoast.com\/product\/yoast-seo-wordpress\/ -->\n<title>Software - Hospital Engineering GmbH<\/title>\n<meta name=\"robots\" content=\"index, follow, max-snippet:-1, max-image-preview:large, max-video-preview:-1\" \/>\n<link rel=\"canonical\" href=\"https:\/\/hospital-engineering.com\/de\/software\/\" \/>\n<meta property=\"og:locale\" content=\"de_DE\" \/>\n<meta property=\"og:type\" content=\"article\" \/>\n<meta property=\"og:title\" content=\"Software - Hospital Engineering GmbH\" \/>\n<meta property=\"og:description\" content=\"Software Softwareanwendungen f\u00fcr das Gesundheitswesen sind ein sensibles Thema. Mit langj\u00e4hriger internationaler Erfahrung hat sich Hospital Engineering auf ma\u00dfgeschneiderte L\u00f6sungen f\u00fcr das Gesundheitswesen spezialisiert. Zum Portfolio geh\u00f6ren auch Schulungen und Integrationsunterst\u00fctzung vor Ort. Hospital Engineering bietet eine umfassende Palette von Softwarel\u00f6sungen zur Optimierung von Prozessen und zur Verbesserung der Patientenversorgung in Krankenh\u00e4usern und Gesundheitseinrichtungen an. [...]Weiterlesen...\" \/>\n<meta property=\"og:url\" content=\"https:\/\/hospital-engineering.com\/de\/software\/\" \/>\n<meta property=\"og:site_name\" content=\"Hospital Engineering GmbH\" \/>\n<meta property=\"article:modified_time\" content=\"2023-04-17T12:50:44+00:00\" \/>\n<meta property=\"og:image\" content=\"http:\/\/hospital-engineering.com\/de\/wp-content\/uploads\/2023\/03\/hospital-planning-img.jpg\" \/>\n<meta name=\"twitter:card\" content=\"summary_large_image\" \/>\n<meta name=\"twitter:label1\" content=\"Gesch\u00e4tzte Lesezeit\" \/>\n\t<meta name=\"twitter:data1\" content=\"2\u00a0Minuten\" \/>\n<script type=\"application\/ld+json\" class=\"yoast-schema-graph\">{\"@context\":\"https:\/\/schema.org\",\"@graph\":[{\"@type\":\"WebPage\",\"@id\":\"https:\/\/hospital-engineering.com\/de\/software\/\",\"url\":\"https:\/\/hospital-engineering.com\/de\/software\/\",\"name\":\"Software - Hospital Engineering GmbH\",\"isPartOf\":{\"@id\":\"https:\/\/hospital-engineering.com\/de\/#website\"},\"primaryImageOfPage\":{\"@id\":\"https:\/\/hospital-engineering.com\/de\/software\/#primaryimage\"},\"image\":{\"@id\":\"https:\/\/hospital-engineering.com\/de\/software\/#primaryimage\"},\"thumbnailUrl\":\"http:\/\/hospital-engineering.com\/de\/wp-content\/uploads\/2023\/03\/hospital-planning-img.jpg\",\"datePublished\":\"2023-03-03T08:26:11+00:00\",\"dateModified\":\"2023-04-17T12:50:44+00:00\",\"breadcrumb\":{\"@id\":\"https:\/\/hospital-engineering.com\/de\/software\/#breadcrumb\"},\"inLanguage\":\"de\",\"potentialAction\":[{\"@type\":\"ReadAction\",\"target\":[\"https:\/\/hospital-engineering.com\/de\/software\/\"]}]},{\"@type\":\"ImageObject\",\"inLanguage\":\"de\",\"@id\":\"https:\/\/hospital-engineering.com\/de\/software\/#primaryimage\",\"url\":\"https:\/\/hospital-engineering.com\/de\/wp-content\/uploads\/2023\/03\/hospital-planning-img.jpg\",\"contentUrl\":\"https:\/\/hospital-engineering.com\/de\/wp-content\/uploads\/2023\/03\/hospital-planning-img.jpg\",\"width\":600,\"height\":400},{\"@type\":\"BreadcrumbList\",\"@id\":\"https:\/\/hospital-engineering.com\/de\/software\/#breadcrumb\",\"itemListElement\":[{\"@type\":\"ListItem\",\"position\":1,\"name\":\"Startseite\",\"item\":\"https:\/\/hospital-engineering.com\/de\/\"},{\"@type\":\"ListItem\",\"position\":2,\"name\":\"Software\"}]},{\"@type\":\"WebSite\",\"@id\":\"https:\/\/hospital-engineering.com\/de\/#website\",\"url\":\"https:\/\/hospital-engineering.com\/de\/\",\"name\":\"Hospital Engineering GmbH\",\"description\":\"\",\"potentialAction\":[{\"@type\":\"SearchAction\",\"target\":{\"@type\":\"EntryPoint\",\"urlTemplate\":\"https:\/\/hospital-engineering.com\/de\/?s={search_term_string}\"},\"query-input\":{\"@type\":\"PropertyValueSpecification\",\"valueRequired\":true,\"valueName\":\"search_term_string\"}}],\"inLanguage\":\"de\"}]}<\/script>\n<!-- \/ Yoast SEO plugin. -->","yoast_head_json":{"title":"Software - Hospital Engineering GmbH","robots":{"index":"index","follow":"follow","max-snippet":"max-snippet:-1","max-image-preview":"max-image-preview:large","max-video-preview":"max-video-preview:-1"},"canonical":"https:\/\/hospital-engineering.com\/de\/software\/","og_locale":"de_DE","og_type":"article","og_title":"Software - Hospital Engineering GmbH","og_description":"Software Softwareanwendungen f\u00fcr das Gesundheitswesen sind ein sensibles Thema. Mit langj\u00e4hriger internationaler Erfahrung hat sich Hospital Engineering auf ma\u00dfgeschneiderte L\u00f6sungen f\u00fcr das Gesundheitswesen spezialisiert. Zum Portfolio geh\u00f6ren auch Schulungen und Integrationsunterst\u00fctzung vor Ort. Hospital Engineering bietet eine umfassende Palette von Softwarel\u00f6sungen zur Optimierung von Prozessen und zur Verbesserung der Patientenversorgung in Krankenh\u00e4usern und Gesundheitseinrichtungen an. [...]Weiterlesen...","og_url":"https:\/\/hospital-engineering.com\/de\/software\/","og_site_name":"Hospital Engineering GmbH","article_modified_time":"2023-04-17T12:50:44+00:00","og_image":[{"url":"http:\/\/hospital-engineering.com\/de\/wp-content\/uploads\/2023\/03\/hospital-planning-img.jpg","type":"","width":"","height":""}],"twitter_card":"summary_large_image","twitter_misc":{"Gesch\u00e4tzte Lesezeit":"2\u00a0Minuten"},"schema":{"@context":"https:\/\/schema.org","@graph":[{"@type":"WebPage","@id":"https:\/\/hospital-engineering.com\/de\/software\/","url":"https:\/\/hospital-engineering.com\/de\/software\/","name":"Software - Hospital Engineering GmbH","isPartOf":{"@id":"https:\/\/hospital-engineering.com\/de\/#website"},"primaryImageOfPage":{"@id":"https:\/\/hospital-engineering.com\/de\/software\/#primaryimage"},"image":{"@id":"https:\/\/hospital-engineering.com\/de\/software\/#primaryimage"},"thumbnailUrl":"http:\/\/hospital-engineering.com\/de\/wp-content\/uploads\/2023\/03\/hospital-planning-img.jpg","datePublished":"2023-03-03T08:26:11+00:00","dateModified":"2023-04-17T12:50:44+00:00","breadcrumb":{"@id":"https:\/\/hospital-engineering.com\/de\/software\/#breadcrumb"},"inLanguage":"de","potentialAction":[{"@type":"ReadAction","target":["https:\/\/hospital-engineering.com\/de\/software\/"]}]},{"@type":"ImageObject","inLanguage":"de","@id":"https:\/\/hospital-engineering.com\/de\/software\/#primaryimage","url":"https:\/\/hospital-engineering.com\/de\/wp-content\/uploads\/2023\/03\/hospital-planning-img.jpg","contentUrl":"https:\/\/hospital-engineering.com\/de\/wp-content\/uploads\/2023\/03\/hospital-planning-img.jpg","width":600,"height":400},{"@type":"BreadcrumbList","@id":"https:\/\/hospital-engineering.com\/de\/software\/#breadcrumb","itemListElement":[{"@type":"ListItem","position":1,"name":"Startseite","item":"https:\/\/hospital-engineering.com\/de\/"},{"@type":"ListItem","position":2,"name":"Software"}]},{"@type":"WebSite","@id":"https:\/\/hospital-engineering.com\/de\/#website","url":"https:\/\/hospital-engineering.com\/de\/","name":"Hospital Engineering GmbH","description":"","potentialAction":[{"@type":"SearchAction","target":{"@type":"EntryPoint","urlTemplate":"https:\/\/hospital-engineering.com\/de\/?s={search_term_string}"},"query-input":{"@type":"PropertyValueSpecification","valueRequired":true,"valueName":"search_term_string"}}],"inLanguage":"de"}]}},"_links":{"self":[{"href":"https:\/\/hospital-engineering.com\/de\/wp-json\/wp\/v2\/pages\/90","targetHints":{"allow":["GET"]}}],"collection":[{"href":"https:\/\/hospital-engineering.com\/de\/wp-json\/wp\/v2\/pages"}],"about":[{"href":"https:\/\/hospital-engineering.com\/de\/wp-json\/wp\/v2\/types\/page"}],"author":[{"embeddable":true,"href":"https:\/\/hospital-engineering.com\/de\/wp-json\/wp\/v2\/users\/1"}],"replies":[{"embeddable":true,"href":"https:\/\/hospital-engineering.com\/de\/wp-json\/wp\/v2\/comments?post=90"}],"version-history":[{"count":10,"href":"https:\/\/hospital-engineering.com\/de\/wp-json\/wp\/v2\/pages\/90\/revisions"}],"predecessor-version":[{"id":256,"href":"https:\/\/hospital-engineering.com\/de\/wp-json\/wp\/v2\/pages\/90\/revisions\/256"}],"wp:attachment":[{"href":"https:\/\/hospital-engineering.com\/de\/wp-json\/wp\/v2\/media?parent=90"}],"curies":[{"name":"wp","href":"https:\/\/api.w.org\/{rel}","templated":true}]}}